{"id":7,"date":"2019-01-02T10:00:36","date_gmt":"2019-01-02T09:00:36","guid":{"rendered":"http:\/\/le3deco.com\/?page_id=7"},"modified":"2023-12-24T15:20:56","modified_gmt":"2023-12-24T14:20:56","slug":"accueil","status":"publish","type":"page","link":"https:\/\/le3deco.com\/","title":{"rendered":"LE 3 C\u00f4t\u00e9 D\u00e9co"},"content":{"rendered":"\n<figure class=\"wp-block-image size-medium\"><img loading=\"lazy\" decoding=\"async\" width=\"300\" height=\"300\" src=\"https:\/\/le3deco.com\/wp-content\/uploads\/2023\/12\/294551168_545506277366340_8965480465400877673_n-300x300.jpg\" alt=\"\" class=\"wp-image-160\" srcset=\"https:\/\/le3deco.com\/wp-content\/uploads\/2023\/12\/294551168_545506277366340_8965480465400877673_n-300x300.jpg 300w, https:\/\/le3deco.com\/wp-content\/uploads\/2023\/12\/294551168_545506277366340_8965480465400877673_n-150x150.jpg 150w, https:\/\/le3deco.com\/wp-content\/uploads\/2023\/12\/294551168_545506277366340_8965480465400877673_n-768x768.jpg 768w, https:\/\/le3deco.com\/wp-content\/uploads\/2023\/12\/294551168_545506277366340_8965480465400877673_n.jpg 907w\" sizes=\"(max-width: 300px) 100vw, 300px\" \/><\/figure>\n\n\n\n<p>Le 3 C\u00f4t\u00e9 D\u00e9co est ouvert du mardi au samedi \u2026 A bient\u00f4t !<\/p>\n\n\n\n<figure class=\"wp-block-image size-large\"><img loading=\"lazy\" decoding=\"async\" width=\"1024\" height=\"768\" src=\"https:\/\/le3deco.com\/wp-content\/uploads\/2019\/09\/53761919_518739631988341_3318262252234080256_o-1024x768.jpg\" alt=\"\" class=\"wp-image-83\" srcset=\"https:\/\/le3deco.com\/wp-content\/uploads\/2019\/09\/53761919_518739631988341_3318262252234080256_o-1024x768.jpg 1024w, https:\/\/le3deco.com\/wp-content\/uploads\/2019\/09\/53761919_518739631988341_3318262252234080256_o-300x225.jpg 300w, https:\/\/le3deco.com\/wp-content\/uploads\/2019\/09\/53761919_518739631988341_3318262252234080256_o-768x576.jpg 768w, https:\/\/le3deco.com\/wp-content\/uploads\/2019\/09\/53761919_518739631988341_3318262252234080256_o-1440x1080.jpg 1440w, https:\/\/le3deco.com\/wp-content\/uploads\/2019\/09\/53761919_518739631988341_3318262252234080256_o.jpg 2048w\" sizes=\"(max-width: 1024px) 100vw, 1024px\" \/><\/figure>\n\n\n\n<figure class=\"wp-block-image\"><img loading=\"lazy\" decoding=\"async\" width=\"768\" height=\"1024\" src=\"https:\/\/le3deco.com\/wp-content\/uploads\/2021\/12\/263190232_1182719678923663_6086055986494037366_n-768x1024.jpg\" alt=\"\" class=\"wp-image-145\" srcset=\"https:\/\/le3deco.com\/wp-content\/uploads\/2021\/12\/263190232_1182719678923663_6086055986494037366_n-768x1024.jpg 768w, https:\/\/le3deco.com\/wp-content\/uploads\/2021\/12\/263190232_1182719678923663_6086055986494037366_n-225x300.jpg 225w, https:\/\/le3deco.com\/wp-content\/uploads\/2021\/12\/263190232_1182719678923663_6086055986494037366_n-1024x1365.jpg 1024w, https:\/\/le3deco.com\/wp-content\/uploads\/2021\/12\/263190232_1182719678923663_6086055986494037366_n-810x1080.jpg 810w, https:\/\/le3deco.com\/wp-content\/uploads\/2021\/12\/263190232_1182719678923663_6086055986494037366_n.jpg 1536w\" sizes=\"(max-width: 768px) 100vw, 768px\" \/><\/figure>\n\n\n\n<figure class=\"wp-block-image\"><img loading=\"lazy\" decoding=\"async\" width=\"768\" height=\"1024\" src=\"https:\/\/le3deco.com\/wp-content\/uploads\/2021\/12\/256599310_1170991030096528_8107046738252776024_n-768x1024.jpg\" alt=\"\" class=\"wp-image-147\" srcset=\"https:\/\/le3deco.com\/wp-content\/uploads\/2021\/12\/256599310_1170991030096528_8107046738252776024_n-768x1024.jpg 768w, https:\/\/le3deco.com\/wp-content\/uploads\/2021\/12\/256599310_1170991030096528_8107046738252776024_n-225x300.jpg 225w, https:\/\/le3deco.com\/wp-content\/uploads\/2021\/12\/256599310_1170991030096528_8107046738252776024_n-1024x1365.jpg 1024w, https:\/\/le3deco.com\/wp-content\/uploads\/2021\/12\/256599310_1170991030096528_8107046738252776024_n-810x1080.jpg 810w, https:\/\/le3deco.com\/wp-content\/uploads\/2021\/12\/256599310_1170991030096528_8107046738252776024_n.jpg 1536w\" sizes=\"(max-width: 768px) 100vw, 768px\" \/><\/figure>\n\n\n\n<figure class=\"wp-block-image\"><img loading=\"lazy\" decoding=\"async\" width=\"768\" height=\"1024\" src=\"https:\/\/le3deco.com\/wp-content\/uploads\/2021\/12\/256782830_1171431566719141_228878660988818995_n-768x1024.jpg\" alt=\"\" class=\"wp-image-148\" srcset=\"https:\/\/le3deco.com\/wp-content\/uploads\/2021\/12\/256782830_1171431566719141_228878660988818995_n-768x1024.jpg 768w, https:\/\/le3deco.com\/wp-content\/uploads\/2021\/12\/256782830_1171431566719141_228878660988818995_n-225x300.jpg 225w, https:\/\/le3deco.com\/wp-content\/uploads\/2021\/12\/256782830_1171431566719141_228878660988818995_n-1024x1365.jpg 1024w, https:\/\/le3deco.com\/wp-content\/uploads\/2021\/12\/256782830_1171431566719141_228878660988818995_n-810x1080.jpg 810w, https:\/\/le3deco.com\/wp-content\/uploads\/2021\/12\/256782830_1171431566719141_228878660988818995_n.jpg 1536w\" sizes=\"(max-width: 768px) 100vw, 768px\" \/><\/figure>\n\n\n\n<figure class=\"wp-block-image\"><img loading=\"lazy\" decoding=\"async\" width=\"720\" height=\"960\" src=\"https:\/\/le3deco.com\/wp-content\/uploads\/2019\/09\/69536053_622676248261345_5889144716871598080_n.jpg\" alt=\"\" class=\"wp-image-113\" srcset=\"https:\/\/le3deco.com\/wp-content\/uploads\/2019\/09\/69536053_622676248261345_5889144716871598080_n.jpg 720w, https:\/\/le3deco.com\/wp-content\/uploads\/2019\/09\/69536053_622676248261345_5889144716871598080_n-225x300.jpg 225w\" sizes=\"(max-width: 720px) 100vw, 720px\" \/><\/figure>\n\n\n\n<figure class=\"wp-block-image\"><img loading=\"lazy\" decoding=\"async\" width=\"720\" height=\"960\" src=\"https:\/\/le3deco.com\/wp-content\/uploads\/2019\/09\/69939362_622676344928002_9124815125960720384_n.jpg\" alt=\"\" class=\"wp-image-112\" srcset=\"https:\/\/le3deco.com\/wp-content\/uploads\/2019\/09\/69939362_622676344928002_9124815125960720384_n.jpg 720w, https:\/\/le3deco.com\/wp-content\/uploads\/2019\/09\/69939362_622676344928002_9124815125960720384_n-225x300.jpg 225w\" sizes=\"(max-width: 720px) 100vw, 720px\" \/><\/figure>\n\n\n\n<figure class=\"wp-block-image\"><img loading=\"lazy\" decoding=\"async\" width=\"720\" height=\"960\" src=\"https:\/\/le3deco.com\/wp-content\/uploads\/2019\/09\/70548371_622676394927997_6971048301583925248_n.jpg\" alt=\"\" class=\"wp-image-111\" srcset=\"https:\/\/le3deco.com\/wp-content\/uploads\/2019\/09\/70548371_622676394927997_6971048301583925248_n.jpg 720w, https:\/\/le3deco.com\/wp-content\/uploads\/2019\/09\/70548371_622676394927997_6971048301583925248_n-225x300.jpg 225w\" sizes=\"(max-width: 720px) 100vw, 720px\" \/><\/figure>\n\n\n\n<figure class=\"wp-block-image\"><img loading=\"lazy\" decoding=\"async\" width=\"720\" height=\"960\" src=\"https:\/\/le3deco.com\/wp-content\/uploads\/2019\/09\/60984831_555174971678140_4017240631737843712_n.jpg\" alt=\"\" class=\"wp-image-109\" srcset=\"https:\/\/le3deco.com\/wp-content\/uploads\/2019\/09\/60984831_555174971678140_4017240631737843712_n.jpg 720w, https:\/\/le3deco.com\/wp-content\/uploads\/2019\/09\/60984831_555174971678140_4017240631737843712_n-225x300.jpg 225w\" sizes=\"(max-width: 720px) 100vw, 720px\" \/><\/figure>\n\n\n\n<figure class=\"wp-block-image\"><img loading=\"lazy\" decoding=\"async\" width=\"720\" height=\"960\" src=\"https:\/\/le3deco.com\/wp-content\/uploads\/2019\/09\/61331278_555175078344796_8733862429307437056_n.jpg\" alt=\"\" class=\"wp-image-108\" srcset=\"https:\/\/le3deco.com\/wp-content\/uploads\/2019\/09\/61331278_555175078344796_8733862429307437056_n.jpg 720w, https:\/\/le3deco.com\/wp-content\/uploads\/2019\/09\/61331278_555175078344796_8733862429307437056_n-225x300.jpg 225w\" sizes=\"(max-width: 720px) 100vw, 720px\" \/><\/figure>\n\n\n\n<figure class=\"wp-block-image\"><img loading=\"lazy\" decoding=\"async\" width=\"720\" height=\"960\" src=\"https:\/\/le3deco.com\/wp-content\/uploads\/2019\/09\/64324244_568665486995755_8576659303354597376_n.jpg\" alt=\"\" class=\"wp-image-106\" srcset=\"https:\/\/le3deco.com\/wp-content\/uploads\/2019\/09\/64324244_568665486995755_8576659303354597376_n.jpg 720w, https:\/\/le3deco.com\/wp-content\/uploads\/2019\/09\/64324244_568665486995755_8576659303354597376_n-225x300.jpg 225w\" sizes=\"(max-width: 720px) 100vw, 720px\" \/><\/figure>\n\n\n\n<figure class=\"wp-block-image\"><img loading=\"lazy\" decoding=\"async\" width=\"720\" height=\"960\" src=\"https:\/\/le3deco.com\/wp-content\/uploads\/2019\/09\/64256179_568665416995762_9173616520062828544_n.jpg\" alt=\"\" class=\"wp-image-105\" srcset=\"https:\/\/le3deco.com\/wp-content\/uploads\/2019\/09\/64256179_568665416995762_9173616520062828544_n.jpg 720w, https:\/\/le3deco.com\/wp-content\/uploads\/2019\/09\/64256179_568665416995762_9173616520062828544_n-225x300.jpg 225w\" sizes=\"(max-width: 720px) 100vw, 720px\" \/><\/figure>\n\n\n\n<figure class=\"wp-block-image\"><img loading=\"lazy\" decoding=\"async\" width=\"720\" height=\"960\" src=\"https:\/\/le3deco.com\/wp-content\/uploads\/2019\/09\/64508225_568665233662447_8479320075818500096_n.jpg\" alt=\"\" class=\"wp-image-104\" srcset=\"https:\/\/le3deco.com\/wp-content\/uploads\/2019\/09\/64508225_568665233662447_8479320075818500096_n.jpg 720w, https:\/\/le3deco.com\/wp-content\/uploads\/2019\/09\/64508225_568665233662447_8479320075818500096_n-225x300.jpg 225w\" sizes=\"(max-width: 720px) 100vw, 720px\" \/><\/figure>\n\n\n\n<figure class=\"wp-block-image\"><img loading=\"lazy\" decoding=\"async\" width=\"670\" height=\"911\" src=\"https:\/\/le3deco.com\/wp-content\/uploads\/2019\/09\/60464360_551745722021065_4185295267441934336_n.jpg\" alt=\"\" class=\"wp-image-101\" srcset=\"https:\/\/le3deco.com\/wp-content\/uploads\/2019\/09\/60464360_551745722021065_4185295267441934336_n.jpg 670w, https:\/\/le3deco.com\/wp-content\/uploads\/2019\/09\/60464360_551745722021065_4185295267441934336_n-221x300.jpg 221w\" sizes=\"(max-width: 670px) 100vw, 670px\" \/><\/figure>\n\n\n\n<figure class=\"wp-block-image\"><img loading=\"lazy\" decoding=\"async\" width=\"720\" height=\"960\" src=\"https:\/\/le3deco.com\/wp-content\/uploads\/2019\/09\/60951413_555174705011500_9182369418598940672_n.jpg\" alt=\"\" class=\"wp-image-99\" srcset=\"https:\/\/le3deco.com\/wp-content\/uploads\/2019\/09\/60951413_555174705011500_9182369418598940672_n.jpg 720w, https:\/\/le3deco.com\/wp-content\/uploads\/2019\/09\/60951413_555174705011500_9182369418598940672_n-225x300.jpg 225w\" sizes=\"(max-width: 720px) 100vw, 720px\" \/><\/figure>\n\n\n\n<figure class=\"wp-block-image\"><img loading=\"lazy\" decoding=\"async\" width=\"720\" height=\"960\" src=\"https:\/\/le3deco.com\/wp-content\/uploads\/2019\/09\/53761835_517746478754323_6022214786660433920_n.jpg\" alt=\"\" class=\"wp-image-84\" srcset=\"https:\/\/le3deco.com\/wp-content\/uploads\/2019\/09\/53761835_517746478754323_6022214786660433920_n.jpg 720w, https:\/\/le3deco.com\/wp-content\/uploads\/2019\/09\/53761835_517746478754323_6022214786660433920_n-225x300.jpg 225w\" sizes=\"(max-width: 720px) 100vw, 720px\" \/><\/figure>\n\n\n\n<figure class=\"wp-block-image\"><img loading=\"lazy\" decoding=\"async\" width=\"720\" height=\"960\" src=\"https:\/\/le3deco.com\/wp-content\/uploads\/2019\/09\/54358273_518259222036382_1066467472250503168_n.jpg\" alt=\"\" class=\"wp-image-85\" srcset=\"https:\/\/le3deco.com\/wp-content\/uploads\/2019\/09\/54358273_518259222036382_1066467472250503168_n.jpg 720w, https:\/\/le3deco.com\/wp-content\/uploads\/2019\/09\/54358273_518259222036382_1066467472250503168_n-225x300.jpg 225w\" sizes=\"(max-width: 720px) 100vw, 720px\" \/><\/figure>\n\n\n\n<figure class=\"wp-block-image\"><img loading=\"lazy\" decoding=\"async\" width=\"720\" height=\"960\" src=\"https:\/\/le3deco.com\/wp-content\/uploads\/2019\/09\/58377880_535969306932040_8380725644090146816_n.jpg\" alt=\"\" class=\"wp-image-89\" srcset=\"https:\/\/le3deco.com\/wp-content\/uploads\/2019\/09\/58377880_535969306932040_8380725644090146816_n.jpg 720w, https:\/\/le3deco.com\/wp-content\/uploads\/2019\/09\/58377880_535969306932040_8380725644090146816_n-225x300.jpg 225w\" sizes=\"(max-width: 720px) 100vw, 720px\" \/><\/figure>\n\n\n\n<figure class=\"wp-block-image\"><img loading=\"lazy\" decoding=\"async\" width=\"721\" height=\"960\" src=\"https:\/\/le3deco.com\/wp-content\/uploads\/2019\/09\/56635108_529269190935385_4722605902488666112_n.jpg\" alt=\"\" class=\"wp-image-90\" srcset=\"https:\/\/le3deco.com\/wp-content\/uploads\/2019\/09\/56635108_529269190935385_4722605902488666112_n.jpg 721w, https:\/\/le3deco.com\/wp-content\/uploads\/2019\/09\/56635108_529269190935385_4722605902488666112_n-225x300.jpg 225w\" sizes=\"(max-width: 721px) 100vw, 721px\" \/><\/figure>\n\n\n\n<figure class=\"wp-block-image\"><img loading=\"lazy\" decoding=\"async\" width=\"720\" height=\"960\" src=\"https:\/\/le3deco.com\/wp-content\/uploads\/2019\/09\/54405571_521275585068079_8574151132648046592_n.jpg\" alt=\"\" class=\"wp-image-91\" srcset=\"https:\/\/le3deco.com\/wp-content\/uploads\/2019\/09\/54405571_521275585068079_8574151132648046592_n.jpg 720w, https:\/\/le3deco.com\/wp-content\/uploads\/2019\/09\/54405571_521275585068079_8574151132648046592_n-225x300.jpg 225w\" sizes=\"(max-width: 720px) 100vw, 720px\" \/><\/figure>\n\n\n\n<figure class=\"wp-block-image\"><img loading=\"lazy\" decoding=\"async\" width=\"720\" height=\"960\" src=\"https:\/\/le3deco.com\/wp-content\/uploads\/2019\/09\/55554359_521275695068068_5533372904793702400_n.jpg\" alt=\"\" class=\"wp-image-92\" srcset=\"https:\/\/le3deco.com\/wp-content\/uploads\/2019\/09\/55554359_521275695068068_5533372904793702400_n.jpg 720w, https:\/\/le3deco.com\/wp-content\/uploads\/2019\/09\/55554359_521275695068068_5533372904793702400_n-225x300.jpg 225w\" sizes=\"(max-width: 720px) 100vw, 720px\" \/><\/figure>\n\n\n\n<figure class=\"wp-block-image\"><img loading=\"lazy\" decoding=\"async\" width=\"720\" height=\"960\" src=\"https:\/\/le3deco.com\/wp-content\/uploads\/2019\/09\/57377474_535969240265380_3054868692702593024_n.jpg\" alt=\"\" class=\"wp-image-95\" srcset=\"https:\/\/le3deco.com\/wp-content\/uploads\/2019\/09\/57377474_535969240265380_3054868692702593024_n.jpg 720w, https:\/\/le3deco.com\/wp-content\/uploads\/2019\/09\/57377474_535969240265380_3054868692702593024_n-225x300.jpg 225w\" sizes=\"(max-width: 720px) 100vw, 720px\" \/><\/figure>\n\n\n\n<div class=\"_2pi9 _2pi2\">\n<div class=\"clearfix _ikh\">\n<div class=\"_4bl9\">\n<div class=\"_2wzd\">3 Galerie du Couchant<br>31250 Revel, Midi-Pyrenees, France<\/div>\n<div id=\"u_fetchstream_3_1m\">\n<div><a href=\"https:\/\/l.facebook.com\/l.php?u=http%3A%2F%2Fshare.here.com%2Fr%2Fmylocation%2Fe-eyJuYW1lIjoiTGUgMyBDXHUwMGY0dFx1MDBlOSBEXHUwMGU5Y28iLCJhZGRyZXNzIjoiMyBHYWxlcmllIGR1IENvdWNoYW50LCBSZXZlbCwgTWlkaS1QeXJlbmVlcywgRnJhbmNlIiwibGF0aXR1ZGUiOjQzLjQ1ODU2LCJsb25naXR1ZGUiOjIuMDAzOTIsInByb3ZpZGVyTmFtZSI6ImZhY2Vib29rIiwicHJvdmlkZXJJZCI6NDgxMTY0NTc1NzQ1ODQ3fQ%3D%3D%3Flink%3Daddresses%26fb_locale%3Dfr_FR%26ref%3Dfacebook%26fbclid%3DIwAR25BH2vzQHg573vpEbiHHuDhYX1U2-PIZ2TQHPFC2qME4blQIVREq4qaCQ&amp;h=AT2CSiLZwTVis3UftIyGhEsDLir3N-R2wWbD25YcPLnEakjnH4VOE_8YtKZ3xX-28yGGRhCLhBsCzO7pWb9QqHVqNTW3gHejNzdRCWvnibSeIcVuBw51I5gStScpz1xig380hdF1LSJfT9HFdg\" target=\"_blank\" rel=\"noopener nofollow\" data-lynx-mode=\"asynclazy\">Obtenir l\u2019itin\u00e9raire<\/a><\/div>\n<\/div>\n<\/div>\n<\/div>\n<\/div>\n\n\n\n<div class=\"_2pi9 _2pi2\">\n<div class=\"clearfix _ikh\">\n<div class=\"_4bl7\"><img decoding=\"async\" class=\"_3-91 _1579 img\" src=\"https:\/\/static.xx.fbcdn.net\/rsrc.php\/v3\/yW\/r\/mYv88EsODOI.png?_nc_eui2=AeGeSRlirL__HywTFRwF5PSZjTcsW-aaVDjICok7x9RyERf0pMIsUaU8J8gV_NO0K7I_EL2j56pbJPUgyZ_ZZZavY-WTsGHZw2EYxW7fUF6KRw\" alt=\"Highlights info row image\">&nbsp;09 72 82 09 68<\/div>\n<div><a href=\"mailto:contact@le3deco.com\">contact@le3deco.com<\/a><\/div>\n<\/div>\n<\/div>\n\n\n\n<figure class=\"wp-block-image\"><img loading=\"lazy\" decoding=\"async\" width=\"300\" height=\"300\" src=\"https:\/\/le3deco.com\/wp-content\/uploads\/2019\/03\/etiquette-40-300x300.png\" alt=\"\" class=\"wp-image-59\" srcset=\"https:\/\/le3deco.com\/wp-content\/uploads\/2019\/03\/etiquette-40-300x300.png 300w, https:\/\/le3deco.com\/wp-content\/uploads\/2019\/03\/etiquette-40-150x150.png 150w, https:\/\/le3deco.com\/wp-content\/uploads\/2019\/03\/etiquette-40.png 600w\" sizes=\"(max-width: 300px) 100vw, 300px\" \/><\/figure>\n","protected":false},"excerpt":{"rendered":"<p>Le 3 C\u00f4t\u00e9 D\u00e9co est ouvert du mardi au samedi \u2026 A bient\u00f4t ! 3 Galerie du Couchant31250 Revel, Midi-Pyrenees, France Obtenir l\u2019itin\u00e9raire &nbsp;09 72 82 09 68 contact@le3deco.com<\/p>\n","protected":false},"author":1,"featured_media":0,"parent":0,"menu_order":0,"comment_status":"closed","ping_status":"closed","template":"","meta":{"footnotes":""},"class_list":["post-7","page","type-page","status-publish","hentry"],"yoast_head":"<!-- This site is optimized with the Yoast SEO plugin v23.7 - https:\/\/yoast.com\/wordpress\/plugins\/seo\/ -->\n<title>LE 3 C\u00f4t\u00e9 D\u00e9co - Le 3<\/title>\n<meta name=\"robots\" content=\"index, follow, max-snippet:-1, max-image-preview:large, max-video-preview:-1\" \/>\n<link rel=\"canonical\" href=\"https:\/\/le3deco.com\/\" \/>\n<meta property=\"og:locale\" content=\"fr_FR\" \/>\n<meta property=\"og:type\" content=\"article\" \/>\n<meta property=\"og:title\" content=\"LE 3 C\u00f4t\u00e9 D\u00e9co - Le 3\" \/>\n<meta property=\"og:description\" content=\"Le 3 C\u00f4t\u00e9 D\u00e9co est ouvert du mardi au samedi \u2026 A bient\u00f4t ! 3 Galerie du Couchant31250 Revel, Midi-Pyrenees, France Obtenir l\u2019itin\u00e9raire &nbsp;09 72 82 09 68 contact@le3deco.com\" \/>\n<meta property=\"og:url\" content=\"https:\/\/le3deco.com\/\" \/>\n<meta property=\"og:site_name\" content=\"Le 3\" \/>\n<meta property=\"article:publisher\" content=\"https:\/\/www.facebook.com\/le3cotedeco\" \/>\n<meta property=\"article:modified_time\" content=\"2023-12-24T14:20:56+00:00\" \/>\n<meta property=\"og:image\" content=\"https:\/\/le3deco.com\/wp-content\/uploads\/2023\/12\/294551168_545506277366340_8965480465400877673_n-300x300.jpg\" \/>\n<meta name=\"twitter:card\" content=\"summary_large_image\" \/>\n<meta name=\"twitter:label1\" content=\"Dur\u00e9e de lecture estim\u00e9e\" \/>\n\t<meta name=\"twitter:data1\" content=\"5 minutes\" \/>\n<script type=\"application\/ld+json\" class=\"yoast-schema-graph\">{\"@context\":\"https:\/\/schema.org\",\"@graph\":[{\"@type\":\"WebPage\",\"@id\":\"https:\/\/le3deco.com\/\",\"url\":\"https:\/\/le3deco.com\/\",\"name\":\"LE 3 C\u00f4t\u00e9 D\u00e9co - Le 3\",\"isPartOf\":{\"@id\":\"https:\/\/le3deco.com\/#website\"},\"primaryImageOfPage\":{\"@id\":\"https:\/\/le3deco.com\/#primaryimage\"},\"image\":{\"@id\":\"https:\/\/le3deco.com\/#primaryimage\"},\"thumbnailUrl\":\"https:\/\/le3deco.com\/wp-content\/uploads\/2023\/12\/294551168_545506277366340_8965480465400877673_n-300x300.jpg\",\"datePublished\":\"2019-01-02T09:00:36+00:00\",\"dateModified\":\"2023-12-24T14:20:56+00:00\",\"breadcrumb\":{\"@id\":\"https:\/\/le3deco.com\/#breadcrumb\"},\"inLanguage\":\"fr-FR\",\"potentialAction\":[{\"@type\":\"ReadAction\",\"target\":[\"https:\/\/le3deco.com\/\"]}]},{\"@type\":\"ImageObject\",\"inLanguage\":\"fr-FR\",\"@id\":\"https:\/\/le3deco.com\/#primaryimage\",\"url\":\"https:\/\/le3deco.com\/wp-content\/uploads\/2023\/12\/294551168_545506277366340_8965480465400877673_n.jpg\",\"contentUrl\":\"https:\/\/le3deco.com\/wp-content\/uploads\/2023\/12\/294551168_545506277366340_8965480465400877673_n.jpg\",\"width\":907,\"height\":907},{\"@type\":\"BreadcrumbList\",\"@id\":\"https:\/\/le3deco.com\/#breadcrumb\",\"itemListElement\":[{\"@type\":\"ListItem\",\"position\":1,\"name\":\"Accueil\",\"item\":\"https:\/\/le3deco.com\/\"},{\"@type\":\"ListItem\",\"position\":2,\"name\":\"LE 3 C\u00f4t\u00e9 D\u00e9co\"}]},{\"@type\":\"WebSite\",\"@id\":\"https:\/\/le3deco.com\/#website\",\"url\":\"https:\/\/le3deco.com\/\",\"name\":\"Le 3 C\u00f4t\u00e9 D\u00e9co\",\"description\":\"C\u00f4t\u00e9 D\u00e9co\",\"publisher\":{\"@id\":\"https:\/\/le3deco.com\/#organization\"},\"potentialAction\":[{\"@type\":\"SearchAction\",\"target\":{\"@type\":\"EntryPoint\",\"urlTemplate\":\"https:\/\/le3deco.com\/?s={search_term_string}\"},\"query-input\":{\"@type\":\"PropertyValueSpecification\",\"valueRequired\":true,\"valueName\":\"search_term_string\"}}],\"inLanguage\":\"fr-FR\"},{\"@type\":\"Organization\",\"@id\":\"https:\/\/le3deco.com\/#organization\",\"name\":\"Le 3 C\u00f4t\u00e9 D\u00e9co\",\"url\":\"https:\/\/le3deco.com\/\",\"logo\":{\"@type\":\"ImageObject\",\"inLanguage\":\"fr-FR\",\"@id\":\"https:\/\/le3deco.com\/#\/schema\/logo\/image\/\",\"url\":\"https:\/\/le3deco.com\/wp-content\/uploads\/2019\/03\/cropped-CV-85x54-R.png\",\"contentUrl\":\"https:\/\/le3deco.com\/wp-content\/uploads\/2019\/03\/cropped-CV-85x54-R.png\",\"width\":864,\"height\":867,\"caption\":\"Le 3 C\u00f4t\u00e9 D\u00e9co\"},\"image\":{\"@id\":\"https:\/\/le3deco.com\/#\/schema\/logo\/image\/\"},\"sameAs\":[\"https:\/\/www.facebook.com\/le3cotedeco\"]}]}<\/script>\n<!-- \/ Yoast SEO plugin. -->","yoast_head_json":{"title":"LE 3 C\u00f4t\u00e9 D\u00e9co - Le 3","robots":{"index":"index","follow":"follow","max-snippet":"max-snippet:-1","max-image-preview":"max-image-preview:large","max-video-preview":"max-video-preview:-1"},"canonical":"https:\/\/le3deco.com\/","og_locale":"fr_FR","og_type":"article","og_title":"LE 3 C\u00f4t\u00e9 D\u00e9co - Le 3","og_description":"Le 3 C\u00f4t\u00e9 D\u00e9co est ouvert du mardi au samedi \u2026 A bient\u00f4t ! 3 Galerie du Couchant31250 Revel, Midi-Pyrenees, France Obtenir l\u2019itin\u00e9raire &nbsp;09 72 82 09 68 contact@le3deco.com","og_url":"https:\/\/le3deco.com\/","og_site_name":"Le 3","article_publisher":"https:\/\/www.facebook.com\/le3cotedeco","article_modified_time":"2023-12-24T14:20:56+00:00","og_image":[{"url":"https:\/\/le3deco.com\/wp-content\/uploads\/2023\/12\/294551168_545506277366340_8965480465400877673_n-300x300.jpg"}],"twitter_card":"summary_large_image","twitter_misc":{"Dur\u00e9e de lecture estim\u00e9e":"5 minutes"},"schema":{"@context":"https:\/\/schema.org","@graph":[{"@type":"WebPage","@id":"https:\/\/le3deco.com\/","url":"https:\/\/le3deco.com\/","name":"LE 3 C\u00f4t\u00e9 D\u00e9co - Le 3","isPartOf":{"@id":"https:\/\/le3deco.com\/#website"},"primaryImageOfPage":{"@id":"https:\/\/le3deco.com\/#primaryimage"},"image":{"@id":"https:\/\/le3deco.com\/#primaryimage"},"thumbnailUrl":"https:\/\/le3deco.com\/wp-content\/uploads\/2023\/12\/294551168_545506277366340_8965480465400877673_n-300x300.jpg","datePublished":"2019-01-02T09:00:36+00:00","dateModified":"2023-12-24T14:20:56+00:00","breadcrumb":{"@id":"https:\/\/le3deco.com\/#breadcrumb"},"inLanguage":"fr-FR","potentialAction":[{"@type":"ReadAction","target":["https:\/\/le3deco.com\/"]}]},{"@type":"ImageObject","inLanguage":"fr-FR","@id":"https:\/\/le3deco.com\/#primaryimage","url":"https:\/\/le3deco.com\/wp-content\/uploads\/2023\/12\/294551168_545506277366340_8965480465400877673_n.jpg","contentUrl":"https:\/\/le3deco.com\/wp-content\/uploads\/2023\/12\/294551168_545506277366340_8965480465400877673_n.jpg","width":907,"height":907},{"@type":"BreadcrumbList","@id":"https:\/\/le3deco.com\/#breadcrumb","itemListElement":[{"@type":"ListItem","position":1,"name":"Accueil","item":"https:\/\/le3deco.com\/"},{"@type":"ListItem","position":2,"name":"LE 3 C\u00f4t\u00e9 D\u00e9co"}]},{"@type":"WebSite","@id":"https:\/\/le3deco.com\/#website","url":"https:\/\/le3deco.com\/","name":"Le 3 C\u00f4t\u00e9 D\u00e9co","description":"C\u00f4t\u00e9 D\u00e9co","publisher":{"@id":"https:\/\/le3deco.com\/#organization"},"potentialAction":[{"@type":"SearchAction","target":{"@type":"EntryPoint","urlTemplate":"https:\/\/le3deco.com\/?s={search_term_string}"},"query-input":{"@type":"PropertyValueSpecification","valueRequired":true,"valueName":"search_term_string"}}],"inLanguage":"fr-FR"},{"@type":"Organization","@id":"https:\/\/le3deco.com\/#organization","name":"Le 3 C\u00f4t\u00e9 D\u00e9co","url":"https:\/\/le3deco.com\/","logo":{"@type":"ImageObject","inLanguage":"fr-FR","@id":"https:\/\/le3deco.com\/#\/schema\/logo\/image\/","url":"https:\/\/le3deco.com\/wp-content\/uploads\/2019\/03\/cropped-CV-85x54-R.png","contentUrl":"https:\/\/le3deco.com\/wp-content\/uploads\/2019\/03\/cropped-CV-85x54-R.png","width":864,"height":867,"caption":"Le 3 C\u00f4t\u00e9 D\u00e9co"},"image":{"@id":"https:\/\/le3deco.com\/#\/schema\/logo\/image\/"},"sameAs":["https:\/\/www.facebook.com\/le3cotedeco"]}]}},"_links":{"self":[{"href":"https:\/\/le3deco.com\/index.php\/wp-json\/wp\/v2\/pages\/7"}],"collection":[{"href":"https:\/\/le3deco.com\/index.php\/wp-json\/wp\/v2\/pages"}],"about":[{"href":"https:\/\/le3deco.com\/index.php\/wp-json\/wp\/v2\/types\/page"}],"author":[{"embeddable":true,"href":"https:\/\/le3deco.com\/index.php\/wp-json\/wp\/v2\/users\/1"}],"replies":[{"embeddable":true,"href":"https:\/\/le3deco.com\/index.php\/wp-json\/wp\/v2\/comments?post=7"}],"version-history":[{"count":29,"href":"https:\/\/le3deco.com\/index.php\/wp-json\/wp\/v2\/pages\/7\/revisions"}],"predecessor-version":[{"id":163,"href":"https:\/\/le3deco.com\/index.php\/wp-json\/wp\/v2\/pages\/7\/revisions\/163"}],"wp:attachment":[{"href":"https:\/\/le3deco.com\/index.php\/wp-json\/wp\/v2\/media?parent=7"}],"curies":[{"name":"wp","href":"https:\/\/api.w.org\/{rel}","templated":true}]}}